{"id":72,"date":"2026-02-11T14:54:23","date_gmt":"2026-02-11T13:54:23","guid":{"rendered":"https:\/\/grillschule-mallorca.de\/impressum\/"},"modified":"2026-02-11T15:00:07","modified_gmt":"2026-02-11T14:00:07","slug":"impressum","status":"publish","type":"page","link":"https:\/\/grillschule-mallorca.de\/en\/impressum\/","title":{"rendered":"Legal Notice"},"content":{"rendered":"<h2>Information pursuant to \u00a7 5 TMG<\/h2>\n<p><strong>FAM Geb\u00e4udedienste GmbH<\/strong><br \/>\nFalkensteinstra\u00dfe 281<br \/>\n46047 Oberhausen<\/p>\n<p><strong>Commercial Register:<\/strong> HRB 22593<br \/>\n<strong>Register Court:<\/strong> Amtsgericht Duisburg<\/p>\n<h3>Represented by<\/h3>\n<p>Managing Director: Michaela aus der Beek-Bremekamp<\/p>\n<h3>Contact<\/h3>\n<p>Phone: +49 (0) 208 \/ 388 372 \u2013 0<br \/>\nE-Mail: info@luxem.es<\/p>\n<h3>VAT ID<\/h3>\n<p>VAT identification number pursuant to \u00a7 27a of the German VAT Act:<br \/>\nDE273228281<\/p>\n<h3>Dispute Resolution<\/h3>\n<p>The European Commission provides a platform for online dispute resolution (ODR):<br \/>\n<a href=\"https:\/\/ec.europa.eu\/consumers\/odr\/\" target=\"_blank\" rel=\"noopener\">https:\/\/ec.europa.eu\/consumers\/odr\/<\/a><\/p>\n<p>We are neither willing nor obliged to participate in dispute resolution proceedings before a consumer arbitration board.<\/p>\n<h3>Liability for Content<\/h3>\n<p>As a service provider, we are responsible for our own content on these pages in accordance with general legislation pursuant to \u00a7 7(1) TMG. However, pursuant to \u00a7\u00a7 8 to 10 TMG, we are not obliged as a service provider to monitor transmitted or stored third-party information or to investigate circumstances that indicate illegal activity.<\/p>\n<h3>Liability for Links<\/h3>\n<p>Our website contains links to external third-party websites, over whose content we have no influence. Therefore, we cannot assume any liability for this third-party content. The respective provider or operator of the pages is always responsible for the content of the linked pages. If we become aware of any legal infringements, we will remove such links immediately.<\/p>","protected":false},"excerpt":{"rendered":"<p>Information pursuant to \u00a7 5 TMG FAM Geb\u00e4udedienste GmbH Falkensteinstra\u00dfe 281 46047 Oberhausen Commercial Register: HRB 22593 Register Court: Amtsgericht Duisburg Represented by Managing Director: Michaela aus der Beek-Bremekamp Contact Phone: +49 (0) 208 \/ 388 372 \u2013 0 Email: info@luxem.es VAT ID VAT identification number pursuant to \u00a7 27a of the German VAT Act: DE273228281 Dispute Resolution The European Commission provides a platform for online dispute resolution (ODR) &#8230; <a title=\"Legal Notice\" class=\"read-more\" href=\"https:\/\/grillschule-mallorca.de\/en\/impressum\/\" aria-label=\"Read more about Legal Notice\">Read more<\/a><\/p>","protected":false},"author":0,"featured_media":0,"parent":0,"menu_order":0,"comment_status":"closed","ping_status":"closed","template":"","meta":{"footnotes":""},"class_list":["post-72","page","type-page","status-publish"],"yoast_head":"<!-- This site is optimized with the Yoast SEO plugin v27.6 - https:\/\/yoast.com\/product\/yoast-seo-wordpress\/ -->\n<title>Impressum - Grillschule Mallorca<\/title>\n<meta name=\"robots\" content=\"noindex, follow\" \/>\n<meta property=\"og:locale\" content=\"en_GB\" \/>\n<meta property=\"og:type\" content=\"article\" \/>\n<meta property=\"og:title\" content=\"Impressum - Grillschule Mallorca\" \/>\n<meta property=\"og:description\" content=\"Angaben gem\u00e4\u00df \u00a7 5 TMG FAM Geb\u00e4udedienste GmbH Falkensteinstra\u00dfe 281 46047 Oberhausen Handelsregister: HRB 22593 Registergericht: Amtsgericht Duisburg Vertreten durch Gesch\u00e4ftsf\u00fchrerin: Michaela aus der Beek-Bremekamp Kontakt Telefon: +49 (0) 208 \/ 388 372 \u2013 0 E-Mail: info@luxem.es Umsatzsteuer-ID Umsatzsteuer-Identifikationsnummer gem\u00e4\u00df \u00a7 27 a Umsatzsteuergesetz: DE273228281 Streitschlichtung Die Europ\u00e4ische Kommission stellt eine Plattform zur Online-Streitbeilegung (OS) ... Read more\" \/>\n<meta property=\"og:url\" content=\"https:\/\/grillschule-mallorca.de\/en\/impressum\/\" \/>\n<meta property=\"og:site_name\" content=\"Grillschule Mallorca\" \/>\n<meta property=\"article:modified_time\" content=\"2026-02-11T14:00:07+00:00\" \/>\n<meta name=\"twitter:card\" content=\"summary_large_image\" \/>\n<meta name=\"twitter:label1\" content=\"Estimated reading time\" \/>\n\t<meta name=\"twitter:data1\" content=\"1 minute\" \/>\n<script type=\"application\/ld+json\" class=\"yoast-schema-graph\">{\"@context\":\"https:\\\/\\\/schema.org\",\"@graph\":[{\"@type\":\"WebPage\",\"@id\":\"https:\\\/\\\/grillschule-mallorca.de\\\/impressum\\\/\",\"url\":\"https:\\\/\\\/grillschule-mallorca.de\\\/impressum\\\/\",\"name\":\"Impressum - Grillschule Mallorca\",\"isPartOf\":{\"@id\":\"https:\\\/\\\/grillschule-mallorca.de\\\/#website\"},\"datePublished\":\"2026-02-11T13:54:23+00:00\",\"dateModified\":\"2026-02-11T14:00:07+00:00\",\"breadcrumb\":{\"@id\":\"https:\\\/\\\/grillschule-mallorca.de\\\/impressum\\\/#breadcrumb\"},\"inLanguage\":\"en-GB\",\"potentialAction\":[{\"@type\":\"ReadAction\",\"target\":[\"https:\\\/\\\/grillschule-mallorca.de\\\/impressum\\\/\"]}]},{\"@type\":\"BreadcrumbList\",\"@id\":\"https:\\\/\\\/grillschule-mallorca.de\\\/impressum\\\/#breadcrumb\",\"itemListElement\":[{\"@type\":\"ListItem\",\"position\":1,\"name\":\"Start\",\"item\":\"https:\\\/\\\/grillschule-mallorca.de\\\/\"},{\"@type\":\"ListItem\",\"position\":2,\"name\":\"Impressum\"}]},{\"@type\":\"WebSite\",\"@id\":\"https:\\\/\\\/grillschule-mallorca.de\\\/#website\",\"url\":\"https:\\\/\\\/grillschule-mallorca.de\\\/\",\"name\":\"Grillschule Mallorca\",\"description\":\"Fire Experience - Grill. Learn. Enjoy.\",\"publisher\":{\"@id\":\"https:\\\/\\\/grillschule-mallorca.de\\\/#organization\"},\"potentialAction\":[{\"@type\":\"SearchAction\",\"target\":{\"@type\":\"EntryPoint\",\"urlTemplate\":\"https:\\\/\\\/grillschule-mallorca.de\\\/?s={search_term_string}\"},\"query-input\":{\"@type\":\"PropertyValueSpecification\",\"valueRequired\":true,\"valueName\":\"search_term_string\"}}],\"inLanguage\":\"en-GB\"},{\"@type\":\"Organization\",\"@id\":\"https:\\\/\\\/grillschule-mallorca.de\\\/#organization\",\"name\":\"Grillschule Mallorca\",\"url\":\"https:\\\/\\\/grillschule-mallorca.de\\\/\",\"logo\":{\"@type\":\"ImageObject\",\"inLanguage\":\"en-GB\",\"@id\":\"https:\\\/\\\/grillschule-mallorca.de\\\/#\\\/schema\\\/logo\\\/image\\\/\",\"url\":\"https:\\\/\\\/grillschule-mallorca.de\\\/wp-content\\\/uploads\\\/2026\\\/02\\\/cropped-grillschule_mallorca.webp\",\"contentUrl\":\"https:\\\/\\\/grillschule-mallorca.de\\\/wp-content\\\/uploads\\\/2026\\\/02\\\/cropped-grillschule_mallorca.webp\",\"width\":512,\"height\":512,\"caption\":\"Grillschule Mallorca\"},\"image\":{\"@id\":\"https:\\\/\\\/grillschule-mallorca.de\\\/#\\\/schema\\\/logo\\\/image\\\/\"}}]}<\/script>\n<!-- \/ Yoast SEO plugin. -->","yoast_head_json":{"title":"Legal Notice - Grillschule Mallorca","robots":{"index":"noindex","follow":"follow"},"og_locale":"en_GB","og_type":"article","og_title":"Impressum - Grillschule Mallorca","og_description":"Angaben gem\u00e4\u00df \u00a7 5 TMG FAM Geb\u00e4udedienste GmbH Falkensteinstra\u00dfe 281 46047 Oberhausen Handelsregister: HRB 22593 Registergericht: Amtsgericht Duisburg Vertreten durch Gesch\u00e4ftsf\u00fchrerin: Michaela aus der Beek-Bremekamp Kontakt Telefon: +49 (0) 208 \/ 388 372 \u2013 0 E-Mail: info@luxem.es Umsatzsteuer-ID Umsatzsteuer-Identifikationsnummer gem\u00e4\u00df \u00a7 27 a Umsatzsteuergesetz: DE273228281 Streitschlichtung Die Europ\u00e4ische Kommission stellt eine Plattform zur Online-Streitbeilegung (OS) ... Read more","og_url":"https:\/\/grillschule-mallorca.de\/en\/impressum\/","og_site_name":"Grillschule Mallorca","article_modified_time":"2026-02-11T14:00:07+00:00","twitter_card":"summary_large_image","twitter_misc":{"Estimated reading time":"1 minute"},"schema":{"@context":"https:\/\/schema.org","@graph":[{"@type":"WebPage","@id":"https:\/\/grillschule-mallorca.de\/impressum\/","url":"https:\/\/grillschule-mallorca.de\/impressum\/","name":"Legal Notice - Grillschule Mallorca","isPartOf":{"@id":"https:\/\/grillschule-mallorca.de\/#website"},"datePublished":"2026-02-11T13:54:23+00:00","dateModified":"2026-02-11T14:00:07+00:00","breadcrumb":{"@id":"https:\/\/grillschule-mallorca.de\/impressum\/#breadcrumb"},"inLanguage":"en-GB","potentialAction":[{"@type":"ReadAction","target":["https:\/\/grillschule-mallorca.de\/impressum\/"]}]},{"@type":"BreadcrumbList","@id":"https:\/\/grillschule-mallorca.de\/impressum\/#breadcrumb","itemListElement":[{"@type":"ListItem","position":1,"name":"Start","item":"https:\/\/grillschule-mallorca.de\/"},{"@type":"ListItem","position":2,"name":"Impressum"}]},{"@type":"WebSite","@id":"https:\/\/grillschule-mallorca.de\/#website","url":"https:\/\/grillschule-mallorca.de\/","name":"Grillschule Mallorca","description":"Fire Experience - Grill. Learn. Enjoy.","publisher":{"@id":"https:\/\/grillschule-mallorca.de\/#organization"},"potentialAction":[{"@type":"SearchAction","target":{"@type":"EntryPoint","urlTemplate":"https:\/\/grillschule-mallorca.de\/?s={search_term_string}"},"query-input":{"@type":"PropertyValueSpecification","valueRequired":true,"valueName":"search_term_string"}}],"inLanguage":"en-GB"},{"@type":"Organization","@id":"https:\/\/grillschule-mallorca.de\/#organization","name":"Grillschule Mallorca","url":"https:\/\/grillschule-mallorca.de\/","logo":{"@type":"ImageObject","inLanguage":"en-GB","@id":"https:\/\/grillschule-mallorca.de\/#\/schema\/logo\/image\/","url":"https:\/\/grillschule-mallorca.de\/wp-content\/uploads\/2026\/02\/cropped-grillschule_mallorca.webp","contentUrl":"https:\/\/grillschule-mallorca.de\/wp-content\/uploads\/2026\/02\/cropped-grillschule_mallorca.webp","width":512,"height":512,"caption":"Grillschule Mallorca"},"image":{"@id":"https:\/\/grillschule-mallorca.de\/#\/schema\/logo\/image\/"}}]}},"_links":{"self":[{"href":"https:\/\/grillschule-mallorca.de\/en\/wp-json\/wp\/v2\/pages\/72","targetHints":{"allow":["GET"]}}],"collection":[{"href":"https:\/\/grillschule-mallorca.de\/en\/wp-json\/wp\/v2\/pages"}],"about":[{"href":"https:\/\/grillschule-mallorca.de\/en\/wp-json\/wp\/v2\/types\/page"}],"replies":[{"embeddable":true,"href":"https:\/\/grillschule-mallorca.de\/en\/wp-json\/wp\/v2\/comments?post=72"}],"version-history":[{"count":2,"href":"https:\/\/grillschule-mallorca.de\/en\/wp-json\/wp\/v2\/pages\/72\/revisions"}],"predecessor-version":[{"id":81,"href":"https:\/\/grillschule-mallorca.de\/en\/wp-json\/wp\/v2\/pages\/72\/revisions\/81"}],"wp:attachment":[{"href":"https:\/\/grillschule-mallorca.de\/en\/wp-json\/wp\/v2\/media?parent=72"}],"curies":[{"name":"wp","href":"https:\/\/api.w.org\/{rel}","templated":true}]}}