{"id":20,"date":"2026-02-11T13:02:42","date_gmt":"2026-02-11T12:02:42","guid":{"rendered":"https:\/\/grillschule-mallorca.de\/buchen\/"},"modified":"2026-02-16T16:09:13","modified_gmt":"2026-02-16T15:09:13","slug":"buchen","status":"publish","type":"page","link":"https:\/\/grillschule-mallorca.de\/en\/buchen\/","title":{"rendered":"Events &#038; Book"},"content":{"rendered":"\t\t<div data-elementor-type=\"wp-page\" data-elementor-id=\"20\" class=\"elementor elementor-20 elementor-bc-flex-widget\">\n\t\t\t\t\t\t<section class=\"elementor-section elementor-top-section elementor-element elementor-element-evt00001 elementor-section-boxed gs-subpage-nav-section elementor-section-height-default elementor-section-height-default\" data-id=\"evt00001\" data-element_type=\"section\" data-e-type=\"section\" data-settings=\"{&quot;background_background&quot;:&quot;classic&quot;}\">\n\t\t\t\t\t\t<div class=\"elementor-container elementor-column-gap-default\">\n\t\t\t\t\t<div class=\"elementor-column elementor-col-100 elementor-top-column elementor-element elementor-element-evt00002\" data-id=\"evt00002\" data-element_type=\"column\" data-e-type=\"column\">\n\t\t\t<div class=\"elementor-widget-wrap elementor-element-populated\">\n\t\t\t\t\t\t<div class=\"elementor-element elementor-element-evt00003 elementor-widget elementor-widget-html\" data-id=\"evt00003\" data-element_type=\"widget\" data-e-type=\"widget\" data-widget_type=\"html.default\">\n\t\t\t\t\t<style>.gs-nav-link:hover{background:#1a1a1a!important;color:#E8E0D4!important;border-color:#1a1a1a!important}.gs-nav-active:hover{background:#333!important}<\/style><nav id=\"gs-nav\" style=\"position:fixed;top:0;left:0;width:100%;z-index:100;display:flex;justify-content:flex-end;align-items:center;padding:20px 30px;gap:15px;pointer-events:none;background:rgba(232,224,212,0.95);backdrop-filter:blur(10px)\">\n<a href=\"\/\" class=\"gs-nav-link\" style=\"pointer-events:auto;font-family:Montserrat,sans-serif;font-weight:600;font-size:0.75rem;letter-spacing:0.2em;text-transform:uppercase;text-decoration:none;color:#1a1a1a;padding:10px 28px;border:1.5px solid #1a1a1a;transition:all 0.3s;margin-right:auto\">Home<\/a>\n<a href=\"\/blog\" class=\"gs-nav-link\" style=\"pointer-events:auto;font-family:Montserrat,sans-serif;font-weight:600;font-size:0.75rem;letter-spacing:0.2em;text-transform:uppercase;text-decoration:none;color:#1a1a1a;padding:10px 28px;border:1.5px solid #1a1a1a;transition:all 0.3s\">Blog<\/a>\n<a href=\"\/buchen\" class=\"gs-nav-link gs-nav-active\" style=\"pointer-events:auto;font-family:Montserrat,sans-serif;font-weight:600;font-size:0.75rem;letter-spacing:0.2em;text-transform:uppercase;text-decoration:none;color:#E8E0D4;padding:10px 28px;border:1.5px solid #1a1a1a;background:#1a1a1a;transition:all 0.3s\">Buchen<\/a>\n<a id=\"gs-lang-toggle\" href=\"\/en\/\" class=\"gs-nav-link\" style=\"pointer-events:auto;font-family:Montserrat,sans-serif;font-weight:600;font-size:0.75rem;letter-spacing:0.2em;text-transform:uppercase;text-decoration:none;color:#1a1a1a;padding:10px 16px;border:1.5px solid #1a1a1a;transition:all 0.3s\">EN<\/a>\n<\/nav>\n<script>\n(function(){\n  var toggle = document.getElementById(\"gs-lang-toggle\");\n  if(toggle){\n    var path = window.location.pathname;\n    if(path.indexOf(\"\/en\/\") === 0 || path === \"\/en\"){\n      toggle.textContent = \"DE\";\n      toggle.href = path.replace(\/^\\\/en\\\/?\/, \"\/\");\n    } else {\n      toggle.textContent = \"EN\";\n      toggle.href = \"\/en\" + path;\n    }\n  }\n})();\n<\/script>\t\t\t\t<\/div>\n\t\t\t\t\t<\/div>\n\t\t<\/div>\n\t\t\t\t\t<\/div>\n\t\t<\/section>\n\t\t\t\t<section class=\"elementor-section elementor-top-section elementor-element elementor-element-evt00010 elementor-section-boxed elementor-section-height-default elementor-section-height-default\" data-id=\"evt00010\" data-element_type=\"section\" data-e-type=\"section\" data-settings=\"{&quot;background_background&quot;:&quot;classic&quot;}\">\n\t\t\t\t\t\t<div class=\"elementor-container elementor-column-gap-default\">\n\t\t\t\t\t<div class=\"elementor-column elementor-col-100 elementor-top-column elementor-element elementor-element-evt00011\" data-id=\"evt00011\" data-element_type=\"column\" data-e-type=\"column\">\n\t\t\t<div class=\"elementor-widget-wrap elementor-element-populated\">\n\t\t\t\t\t\t<div class=\"elementor-element elementor-element-evt00012 elementor-widget elementor-widget-heading\" data-id=\"evt00012\" data-element_type=\"widget\" data-e-type=\"widget\" data-widget_type=\"heading.default\">\n\t\t\t\t\t<h1 class=\"elementor-heading-title elementor-size-default\">Events &amp; Buchen<\/h1>\t\t\t\t<\/div>\n\t\t\t\t<div class=\"elementor-element elementor-element-evt00013 elementor-widget-divider--view-line elementor-widget elementor-widget-divider\" data-id=\"evt00013\" data-element_type=\"widget\" data-e-type=\"widget\" data-widget_type=\"divider.default\">\n\t\t\t\t\t\t\t<div class=\"elementor-divider\">\n\t\t\t<span class=\"elementor-divider-separator\">\n\t\t\t\t\t\t<\/span>\n\t\t<\/div>\n\t\t\t\t\t\t<\/div>\n\t\t\t\t<div class=\"elementor-element elementor-element-evt00014 elementor-widget elementor-widget-shortcode\" data-id=\"evt00014\" data-element_type=\"widget\" data-e-type=\"widget\" data-widget_type=\"shortcode.default\">\n\t\t\t\t\t\t\t<div class=\"elementor-shortcode\"><script>\n  if (typeof hasAmeliaEvent === 'undefined') {\n    var hasAmeliaEvent = true;\n  }\n  if (typeof hasEventApiCall === 'undefined' && ('' === '' && '' !== '1')) {\n    var hasEventApiCall = true;\n  }\n  var hasEventShortcode = (typeof hasEventShortcode === 'undefined') ? false : true;\n  var ameliaShortcodeData = (typeof ameliaShortcodeData === 'undefined') ? [] : ameliaShortcodeData;\n  ameliaShortcodeData.push(\n    {\n      'hasApiCall': (typeof hasEventApiCall !== 'undefined') && hasEventApiCall,\n      'trigger': '',\n      'trigger_type': '',\n      'triggered_form': 'elf',\n      'in_dialog': '',\n      'counter': '1000',\n      'employee': '',\n      'eventId': '',\n      'eventRecurring': 0,\n      'eventTag': \"\",\n      'locationId': \"\",\n      'range': \"\"\n    }\n  );\n  var ameliaShortcodeDataTriggered = (typeof ameliaShortcodeDataTriggered === 'undefined') ? [] : ameliaShortcodeDataTriggered;\n  if (ameliaShortcodeData[ameliaShortcodeData.length - 1].trigger !== '') {\n    if (ameliaShortcodeDataTriggered.filter(a => a.counter === ameliaShortcodeData[ameliaShortcodeData.length - 1].counter).length === 0) {\n      ameliaShortcodeDataTriggered.push(ameliaShortcodeData.pop());\n    } else {\n      ameliaShortcodeData.pop()\n    }\n  }\n  if (typeof hasEventApiCall !== 'undefined' && hasEventApiCall) {\n    hasEventApiCall = false;\n  }\n<\/script>\n\n<div\n  id=\"amelia-v2-booking-1000\"\n  class=\"amelia-v2-booking\"\n>\n    <events-list-form-wrapper><\/div>\n<\/div>\n\t\t\t\t\t\t<\/div>\n\t\t\t\t\t<\/div>\n\t\t<\/div>\n\t\t\t\t\t<\/div>\n\t\t<\/section>\n\t\t\t\t<section class=\"elementor-section elementor-top-section elementor-element elementor-element-evt00020 elementor-section-full_width elementor-section-height-default elementor-section-height-default\" data-id=\"evt00020\" data-element_type=\"section\" data-e-type=\"section\" data-settings=\"{&quot;background_background&quot;:&quot;classic&quot;}\">\n\t\t\t\t\t\t<div class=\"elementor-container elementor-column-gap-default\">\n\t\t\t\t\t<div class=\"elementor-column elementor-col-100 elementor-top-column elementor-element elementor-element-evt00021\" data-id=\"evt00021\" data-element_type=\"column\" data-e-type=\"column\">\n\t\t\t<div class=\"elementor-widget-wrap elementor-element-populated\">\n\t\t\t\t\t\t<div class=\"elementor-element elementor-element-evt00022 elementor-widget elementor-widget-text-editor\" data-id=\"evt00022\" data-element_type=\"widget\" data-e-type=\"widget\" data-widget_type=\"text-editor.default\">\n\t\t\t\t\t\t\t\t\t<p style=\"text-align:center\"><a href=\"\/impressum\" style=\"color:#aaa;text-decoration:none;font-size:0.8rem;letter-spacing:0.1em;text-transform:uppercase;font-weight:300;margin:0 12px\">Impressum<\/a> <a href=\"\/datenschutzerklaerung\" style=\"color:#aaa;text-decoration:none;font-size:0.8rem;letter-spacing:0.1em;text-transform:uppercase;font-weight:300;margin:0 12px\">Datenschutzerkl&auml;rung<\/a> <a href=\"\/cookie-richtlinie-eu\" style=\"color:#aaa;text-decoration:none;font-size:0.8rem;letter-spacing:0.1em;text-transform:uppercase;font-weight:300;margin:0 12px\">Cookie-Richtlinie<\/a> <a href=\"\/agb\" style=\"color:#aaa;text-decoration:none;font-size:0.8rem;letter-spacing:0.1em;text-transform:uppercase;font-weight:300;margin:0 12px\">AGB<\/a><\/p>\t\t\t\t\t\t\t\t<\/div>\n\t\t\t\t<div class=\"elementor-element elementor-element-evt00023 elementor-widget elementor-widget-text-editor\" data-id=\"evt00023\" data-element_type=\"widget\" data-e-type=\"widget\" data-widget_type=\"text-editor.default\">\n\t\t\t\t\t\t\t\t\t<p style=\"text-align:center;font-size:0.75rem;color:#666;letter-spacing:0.05em\">&copy; 2026 Grillschule Mallorca | FAM Geb&auml;udedienste GmbH<\/p>\t\t\t\t\t\t\t\t<\/div>\n\t\t\t\t\t<\/div>\n\t\t<\/div>\n\t\t\t\t\t<\/div>\n\t\t<\/section>\n\t\t\t\t<\/div>\n\t\t","protected":false},"excerpt":{"rendered":"<p>Book a BBQ course in Mallorca: Find your perfect event Looking to book a BBQ course in Mallorca? Then you have come to the right place. Grillschule Mallorca offers BBQ courses and events all year round for every taste \u2013 from beginner workshops to advanced sessions on the Kamado grill. Our events at a glance Currently, no public events are available. You have &#8230; <a title=\"Events &amp; Book\" class=\"read-more\" href=\"https:\/\/grillschule-mallorca.de\/en\/buchen\/\" aria-label=\"Read more about Events &amp; Book\">Read more<\/a><\/p>","protected":false},"author":1,"featured_media":0,"parent":0,"menu_order":0,"comment_status":"closed","ping_status":"closed","template":"elementor_canvas","meta":{"footnotes":""},"class_list":["post-20","page","type-page","status-publish"],"yoast_head":"<!-- This site is optimized with the Yoast SEO plugin v27.6 - https:\/\/yoast.com\/product\/yoast-seo-wordpress\/ -->\n<title>Grillkurs Mallorca buchen: Events und Termine - Grillschule Mallorca<\/title>\n<meta name=\"description\" content=\"Grillkurs Mallorca buchen: W\u00e4hle aus verschiedenen BBQ-Events und sichere dir deinen Platz. Ganzj\u00e4hrig verf\u00fcgbar.\" \/>\n<meta name=\"robots\" content=\"index, follow, max-snippet:-1, max-image-preview:large, max-video-preview:-1\" \/>\n<link rel=\"canonical\" href=\"https:\/\/grillschule-mallorca.de\/en\/buchen\/\" \/>\n<meta property=\"og:locale\" content=\"en_GB\" \/>\n<meta property=\"og:type\" content=\"article\" \/>\n<meta property=\"og:title\" content=\"Grillkurs Mallorca buchen: Events und Termine - Grillschule Mallorca\" \/>\n<meta property=\"og:description\" content=\"Grillkurs Mallorca buchen: W\u00e4hle aus verschiedenen BBQ-Events und sichere dir deinen Platz. Ganzj\u00e4hrig verf\u00fcgbar.\" \/>\n<meta property=\"og:url\" content=\"https:\/\/grillschule-mallorca.de\/en\/buchen\/\" \/>\n<meta property=\"og:site_name\" content=\"Grillschule Mallorca\" \/>\n<meta property=\"article:modified_time\" content=\"2026-02-16T15:09:13+00:00\" \/>\n<meta name=\"twitter:card\" content=\"summary_large_image\" \/>\n<meta name=\"twitter:label1\" content=\"Estimated reading time\" \/>\n\t<meta name=\"twitter:data1\" content=\"2 minutes\" \/>\n<script type=\"application\/ld+json\" class=\"yoast-schema-graph\">{\"@context\":\"https:\\\/\\\/schema.org\",\"@graph\":[{\"@type\":\"WebPage\",\"@id\":\"https:\\\/\\\/grillschule-mallorca.de\\\/buchen\\\/\",\"url\":\"https:\\\/\\\/grillschule-mallorca.de\\\/buchen\\\/\",\"name\":\"Grillkurs Mallorca buchen: Events und Termine - Grillschule Mallorca\",\"isPartOf\":{\"@id\":\"https:\\\/\\\/grillschule-mallorca.de\\\/#website\"},\"datePublished\":\"2026-02-11T12:02:42+00:00\",\"dateModified\":\"2026-02-16T15:09:13+00:00\",\"description\":\"Grillkurs Mallorca buchen: W\u00e4hle aus verschiedenen BBQ-Events und sichere dir deinen Platz. Ganzj\u00e4hrig verf\u00fcgbar.\",\"breadcrumb\":{\"@id\":\"https:\\\/\\\/grillschule-mallorca.de\\\/buchen\\\/#breadcrumb\"},\"inLanguage\":\"en-GB\",\"potentialAction\":[{\"@type\":\"ReadAction\",\"target\":[\"https:\\\/\\\/grillschule-mallorca.de\\\/buchen\\\/\"]}]},{\"@type\":\"BreadcrumbList\",\"@id\":\"https:\\\/\\\/grillschule-mallorca.de\\\/buchen\\\/#breadcrumb\",\"itemListElement\":[{\"@type\":\"ListItem\",\"position\":1,\"name\":\"Start\",\"item\":\"https:\\\/\\\/grillschule-mallorca.de\\\/\"},{\"@type\":\"ListItem\",\"position\":2,\"name\":\"Events &#038; Buchen\"}]},{\"@type\":\"WebSite\",\"@id\":\"https:\\\/\\\/grillschule-mallorca.de\\\/#website\",\"url\":\"https:\\\/\\\/grillschule-mallorca.de\\\/\",\"name\":\"Grillschule Mallorca\",\"description\":\"Fire Experience - Grill. Learn. Enjoy.\",\"publisher\":{\"@id\":\"https:\\\/\\\/grillschule-mallorca.de\\\/#organization\"},\"potentialAction\":[{\"@type\":\"SearchAction\",\"target\":{\"@type\":\"EntryPoint\",\"urlTemplate\":\"https:\\\/\\\/grillschule-mallorca.de\\\/?s={search_term_string}\"},\"query-input\":{\"@type\":\"PropertyValueSpecification\",\"valueRequired\":true,\"valueName\":\"search_term_string\"}}],\"inLanguage\":\"en-GB\"},{\"@type\":\"Organization\",\"@id\":\"https:\\\/\\\/grillschule-mallorca.de\\\/#organization\",\"name\":\"Grillschule Mallorca\",\"url\":\"https:\\\/\\\/grillschule-mallorca.de\\\/\",\"logo\":{\"@type\":\"ImageObject\",\"inLanguage\":\"en-GB\",\"@id\":\"https:\\\/\\\/grillschule-mallorca.de\\\/#\\\/schema\\\/logo\\\/image\\\/\",\"url\":\"https:\\\/\\\/grillschule-mallorca.de\\\/wp-content\\\/uploads\\\/2026\\\/02\\\/cropped-grillschule_mallorca.webp\",\"contentUrl\":\"https:\\\/\\\/grillschule-mallorca.de\\\/wp-content\\\/uploads\\\/2026\\\/02\\\/cropped-grillschule_mallorca.webp\",\"width\":512,\"height\":512,\"caption\":\"Grillschule Mallorca\"},\"image\":{\"@id\":\"https:\\\/\\\/grillschule-mallorca.de\\\/#\\\/schema\\\/logo\\\/image\\\/\"}}]}<\/script>\n<!-- \/ Yoast SEO plugin. -->","yoast_head_json":{"title":"Book BBQ Course Mallorca: Events and Dates - Grillschule Mallorca","description":"Book a BBQ course in Mallorca: Choose from various BBQ events and secure your spot. Available all year round.","robots":{"index":"index","follow":"follow","max-snippet":"max-snippet:-1","max-image-preview":"max-image-preview:large","max-video-preview":"max-video-preview:-1"},"canonical":"https:\/\/grillschule-mallorca.de\/en\/buchen\/","og_locale":"en_GB","og_type":"article","og_title":"Grillkurs Mallorca buchen: Events und Termine - Grillschule Mallorca","og_description":"Grillkurs Mallorca buchen: W\u00e4hle aus verschiedenen BBQ-Events und sichere dir deinen Platz. Ganzj\u00e4hrig verf\u00fcgbar.","og_url":"https:\/\/grillschule-mallorca.de\/en\/buchen\/","og_site_name":"Grillschule Mallorca","article_modified_time":"2026-02-16T15:09:13+00:00","twitter_card":"summary_large_image","twitter_misc":{"Estimated reading time":"2 minutes"},"schema":{"@context":"https:\/\/schema.org","@graph":[{"@type":"WebPage","@id":"https:\/\/grillschule-mallorca.de\/buchen\/","url":"https:\/\/grillschule-mallorca.de\/buchen\/","name":"Book BBQ Course Mallorca: Events and Dates - Grillschule Mallorca","isPartOf":{"@id":"https:\/\/grillschule-mallorca.de\/#website"},"datePublished":"2026-02-11T12:02:42+00:00","dateModified":"2026-02-16T15:09:13+00:00","description":"Book a BBQ course in Mallorca: Choose from various BBQ events and secure your spot. Available all year round.","breadcrumb":{"@id":"https:\/\/grillschule-mallorca.de\/buchen\/#breadcrumb"},"inLanguage":"en-GB","potentialAction":[{"@type":"ReadAction","target":["https:\/\/grillschule-mallorca.de\/buchen\/"]}]},{"@type":"BreadcrumbList","@id":"https:\/\/grillschule-mallorca.de\/buchen\/#breadcrumb","itemListElement":[{"@type":"ListItem","position":1,"name":"Start","item":"https:\/\/grillschule-mallorca.de\/"},{"@type":"ListItem","position":2,"name":"Events &#038; Buchen"}]},{"@type":"WebSite","@id":"https:\/\/grillschule-mallorca.de\/#website","url":"https:\/\/grillschule-mallorca.de\/","name":"Grillschule Mallorca","description":"Fire Experience - Grill. Learn. Enjoy.","publisher":{"@id":"https:\/\/grillschule-mallorca.de\/#organization"},"potentialAction":[{"@type":"SearchAction","target":{"@type":"EntryPoint","urlTemplate":"https:\/\/grillschule-mallorca.de\/?s={search_term_string}"},"query-input":{"@type":"PropertyValueSpecification","valueRequired":true,"valueName":"search_term_string"}}],"inLanguage":"en-GB"},{"@type":"Organization","@id":"https:\/\/grillschule-mallorca.de\/#organization","name":"Grillschule Mallorca","url":"https:\/\/grillschule-mallorca.de\/","logo":{"@type":"ImageObject","inLanguage":"en-GB","@id":"https:\/\/grillschule-mallorca.de\/#\/schema\/logo\/image\/","url":"https:\/\/grillschule-mallorca.de\/wp-content\/uploads\/2026\/02\/cropped-grillschule_mallorca.webp","contentUrl":"https:\/\/grillschule-mallorca.de\/wp-content\/uploads\/2026\/02\/cropped-grillschule_mallorca.webp","width":512,"height":512,"caption":"Grillschule Mallorca"},"image":{"@id":"https:\/\/grillschule-mallorca.de\/#\/schema\/logo\/image\/"}}]}},"_links":{"self":[{"href":"https:\/\/grillschule-mallorca.de\/en\/wp-json\/wp\/v2\/pages\/20","targetHints":{"allow":["GET"]}}],"collection":[{"href":"https:\/\/grillschule-mallorca.de\/en\/wp-json\/wp\/v2\/pages"}],"about":[{"href":"https:\/\/grillschule-mallorca.de\/en\/wp-json\/wp\/v2\/types\/page"}],"author":[{"embeddable":true,"href":"https:\/\/grillschule-mallorca.de\/en\/wp-json\/wp\/v2\/users\/1"}],"replies":[{"embeddable":true,"href":"https:\/\/grillschule-mallorca.de\/en\/wp-json\/wp\/v2\/comments?post=20"}],"version-history":[{"count":4,"href":"https:\/\/grillschule-mallorca.de\/en\/wp-json\/wp\/v2\/pages\/20\/revisions"}],"predecessor-version":[{"id":163,"href":"https:\/\/grillschule-mallorca.de\/en\/wp-json\/wp\/v2\/pages\/20\/revisions\/163"}],"wp:attachment":[{"href":"https:\/\/grillschule-mallorca.de\/en\/wp-json\/wp\/v2\/media?parent=20"}],"curies":[{"name":"wp","href":"https:\/\/api.w.org\/{rel}","templated":true}]}}